{"id":536,"date":"2018-08-09T13:25:30","date_gmt":"2018-08-09T13:25:30","guid":{"rendered":"http:\/\/www.mustafaoztoprak.com\/?page_id=536"},"modified":"2025-10-02T19:20:11","modified_gmt":"2025-10-02T19:20:11","slug":"secme-hadisler","status":"publish","type":"page","link":"https:\/\/www.mustafaoztoprak.com\/index.php\/secme-hadisler\/","title":{"rendered":"Se\u00e7me Hadisler"},"content":{"rendered":"<p>1.40 Konu 40 Hadis\u00a0 <span style=\"color: #ff0000;\">&#8211; <a href=\"http:\/\/www.mustafaoztoprak.com\/wp-content\/uploads\/2018\/10\/40-Hadis.docx\">indir<\/a>\u00a0<\/span><\/p>\n<p>2. Hadis K\u00fclt\u00fcr\u00fc 20 hadis<span style=\"color: #ff0000;\">&#8211;<a style=\"color: #ff0000;\" href=\"http:\/\/www.mustafaoztoprak.com\/wp-content\/uploads\/2022\/09\/hadis-kulturu-20-hadis-1.docx\">indir.docx<\/a><\/span><\/p>\n<p>3. Cuma g\u00fcn\u00fc dualar\u0131n kabul edilece\u011fine dair hadisler ve de\u011ferlendirmesi.<span style=\"color: #ff0000;\"> <a style=\"color: #ff0000;\" href=\"http:\/\/www.mustafaoztoprak.com\/wp-content\/uploads\/2022\/09\/cuma-gunu-dualarin-kabul-olacagi-saatle-ilgili-hadisler.docx\">indir.docx<\/a><\/span><\/p>\n<p>4. 40 Hadis <span style=\"color: #ff0000;\"><a style=\"color: #ff0000;\" href=\"http:\/\/www.mustafaoztoprak.com\/wp-content\/uploads\/2022\/09\/Farkli-Konularda-Kirk-Hadis.docx\">indir.docx<\/a><\/span><\/p>\n<p>5. Ahmed b. Hanbel el-M\u00fcsned, Se\u00e7me Hadis Metinleri.<span style=\"color: #ff0000;\"> <a style=\"color: #ff0000;\" href=\"https:\/\/drive.google.com\/file\/d\/1Som5qqe_-H1LgMc8UtqyhfaGTjzMHXi1\/view?usp=sharing\" target=\"_blank\" rel=\"noopener\">\u0130ndir.docx<\/a><\/span><\/p>\n<p>6. 155 Se\u00e7me Hadis Metni ve Terc\u00fcmesi. <span style=\"color: #ff0000;\"><a style=\"color: #ff0000;\" href=\"https:\/\/drive.google.com\/file\/d\/1fTkVsB8shq4gdoG2COr0NoRa53_Po0UQ\/view?usp=sharing\" target=\"_blank\" rel=\"noopener\">\u0130ndir.docx<\/a><\/span><\/p>\n<p>7. Hz. Peygamberin \u0130ctihadlar\u0131,. <span style=\"color: #ff0000;\"><a style=\"color: #ff0000;\" href=\"http:\/\/www.mustafaoztoprak.com\/wp-content\/uploads\/2022\/09\/hz-peygamberin-ictihadlari.docx\">\u0130ndir.docx\u00a0<\/a><\/span><\/p>\n<p>8. Dua Hadisleri. <span style=\"color: #ff0000;\"><a style=\"color: #ff0000;\" href=\"http:\/\/www.mustafaoztoprak.com\/wp-content\/uploads\/2022\/09\/Mustafa-Oztoprak-Dua-Hadisleri.docx\">\u0130ndir.docx<\/a><\/span><\/p>\n<p>9. Buhari, Kitab\u00fcl Edeb.<span style=\"color: #ff0000;\"> <a style=\"color: #ff0000;\" href=\"https:\/\/drive.google.com\/file\/d\/1T6kR45ia9uV1GQUkZIndCNf5zcAnwQTE\/view?usp=sharing\" target=\"_blank\" rel=\"noopener\">\u0130ndir.pdf<\/a><\/span><\/p>\n<p>10. Ebu Davud, Kitab\u00fcl Edeb.<span style=\"color: #ff0000;\"><a style=\"color: #ff0000;\" href=\"https:\/\/drive.google.com\/file\/d\/17R0ZFIGqszJhVgj_fGr_PV5DdwD0ZhEq\/view?usp=sharing\" target=\"_blank\" rel=\"noopener\">\u0130ndir.pdf<\/a><\/span><\/p>\n<p>11. Tirmizi, Ebvab\u00fcl Edeb. <span style=\"color: #ff0000;\"><a style=\"color: #ff0000;\" href=\"https:\/\/drive.google.com\/file\/d\/1LufX9LlhG9bVvQGPwlfYtz_dqkIgvQXH\/view?usp=sharing\" target=\"_blank\" rel=\"noopener\">\u0130ndir.pdf<\/a><\/span><\/p>\n<p>12. M\u00fcslim, Sahih, Adab, <a href=\"https:\/\/drive.google.com\/file\/d\/1HelLV5KaQauo-1JFtIbA8uHRN4oGBIBZ\/view?usp=sharing\" target=\"_blank\" rel=\"noopener\">\u0130ndir.pdf<\/a><\/p>\n<p>13. \u0130bn Mace, Edeb, <a href=\"https:\/\/drive.google.com\/file\/d\/1MRUStTEP3o7mwwis3NwPqopQfLBlA9tK\/view?usp=sharing\" target=\"_blank\" rel=\"noopener\">\u0130ndir.pdf<\/a><\/p>\n<p>14. Darimi, es-S\u00fcnen, (Kitab\u00fc Fedaili&#8217;l-Kuran). <a href=\"https:\/\/drive.google.com\/file\/d\/1tOIeZzINppLYnea80NzXfiG8zM7ReCX5\/view?usp=sharing\" target=\"_blank\" rel=\"noopener\">\u0130ndir.pdf<\/a><\/p>\n<p>15. \u0130mam Malik, el-Muvatta (\u0130mam Muhammed Rivayeti). <a href=\"https:\/\/drive.google.com\/file\/d\/1YuH0Roih2A7mEUKvN1WGImmtYxPZpu2z\/view?usp=sharing\" target=\"_blank\" rel=\"noopener\">\u0130ndir.pdf<\/a><\/p>\n<p>16. \u0130bn H\u0131bban, et-Tekas\u0131m ve&#8217;l-Enva (Hz. Peygamber&#8217;in Fiilleri) <a href=\"https:\/\/drive.google.com\/file\/d\/1g3_51uD-Nzu4EM8sHl0tPSKW4G2cCtTv\/view?usp=sharing\" target=\"_blank\" rel=\"noopener\">\u0130ndir.pdf<\/a><\/p>\n<p>17. M\u00fcslim, Kitab\u00fc&#8217;l-Adab, <a href=\"https:\/\/drive.google.com\/file\/d\/1FFwz5srUvPly_fiojKOo_kyXJxp5LeO-\/view?usp=sharing\" target=\"_blank\" rel=\"noopener\">\u0130ndir.pdf<\/a><\/p>\n","protected":false},"excerpt":{"rendered":"<p>1.40 Konu 40 Hadis\u00a0 &#8211; indir\u00a0 2. Hadis K\u00fclt\u00fcr\u00fc 20 hadis&#8211;indir.docx 3. Cuma g\u00fcn\u00fc dualar\u0131n kabul edilece\u011fine dair hadisler ve de\u011ferlendirmesi. indir.docx 4. 40 Hadis indir.docx 5. Ahmed b. Hanbel el-M\u00fcsned, Se\u00e7me Hadis Metinleri. \u0130ndir.docx 6. 155 Se\u00e7me Hadis Metni ve Terc\u00fcmesi. \u0130ndir.docx 7. Hz. Peygamberin \u0130ctihadlar\u0131,. \u0130ndir.docx\u00a0 8. Dua Hadisleri. \u0130ndir.docx 9. Buhari, Kitab\u00fcl &hellip;<\/p>\n","protected":false},"author":1,"featured_media":0,"parent":0,"menu_order":0,"comment_status":"closed","ping_status":"closed","template":"","meta":{"footnotes":""},"class_list":["post-536","page","type-page","status-publish","hentry"],"_links":{"self":[{"href":"https:\/\/www.mustafaoztoprak.com\/index.php\/wp-json\/wp\/v2\/pages\/536","targetHints":{"allow":["GET"]}}],"collection":[{"href":"https:\/\/www.mustafaoztoprak.com\/index.php\/wp-json\/wp\/v2\/pages"}],"about":[{"href":"https:\/\/www.mustafaoztoprak.com\/index.php\/wp-json\/wp\/v2\/types\/page"}],"author":[{"embeddable":true,"href":"https:\/\/www.mustafaoztoprak.com\/index.php\/wp-json\/wp\/v2\/users\/1"}],"replies":[{"embeddable":true,"href":"https:\/\/www.mustafaoztoprak.com\/index.php\/wp-json\/wp\/v2\/comments?post=536"}],"version-history":[{"count":12,"href":"https:\/\/www.mustafaoztoprak.com\/index.php\/wp-json\/wp\/v2\/pages\/536\/revisions"}],"predecessor-version":[{"id":1811,"href":"https:\/\/www.mustafaoztoprak.com\/index.php\/wp-json\/wp\/v2\/pages\/536\/revisions\/1811"}],"wp:attachment":[{"href":"https:\/\/www.mustafaoztoprak.com\/index.php\/wp-json\/wp\/v2\/media?parent=536"}],"curies":[{"name":"wp","href":"https:\/\/api.w.org\/{rel}","templated":true}]}}