{"id":1644,"date":"2024-01-02T23:49:49","date_gmt":"2024-01-02T23:49:49","guid":{"rendered":"http:\/\/www.mustafaoztoprak.com\/?page_id=1644"},"modified":"2026-04-15T12:51:58","modified_gmt":"2026-04-15T12:51:58","slug":"tezler","status":"publish","type":"page","link":"https:\/\/www.mustafaoztoprak.com\/index.php\/tezler\/","title":{"rendered":"Tezler"},"content":{"rendered":"\n<ul class=\"wp-block-list\">\n<li class=\"has-medium-font-size\"><strong>DOKTORA TEZ DANI\u015eMANLI\u011eI<\/strong><\/li>\n<\/ul>\n\n\n\n<ol class=\"wp-block-list\">\n<li class=\"has-medium-font-size\">Fa\u0131sal AHMAD, <strong>D\u00e2rekutn\u00ee&#8217;nin el-\u0130lz\u00e2m\u00e2t ve&#8217;t-Tetebbu&#8217;unda Buh\u00e2r\u00ee ve M\u00fcslim&#8217;in \u015eartlar\u0131na G\u00f6re Tash\u00eeh Y\u00f6ntemi<\/strong>, Eski\u015fehir Osmangazi \u00dcniversitesi, 2024. <a href=\"https:\/\/drive.google.com\/file\/d\/10DJoFjUWlmcSa11bQLjI2KhkIc_LmEkE\/view?usp=sharing\" target=\"_blank\" rel=\"noopener\">\u0130ndirebilirsiniz<\/a><\/li>\n<\/ol>\n\n\n\n<ul class=\"wp-block-list\">\n<li class=\"has-medium-font-size\"><strong>Y\u00dcKSEK L\u0130SANS TEZ DANI\u015eMANLI\u011eI<\/strong>  <\/li>\n<\/ul>\n\n\n\n<ol class=\"wp-block-list\">\n<li class=\"has-medium-font-size\">\u0130brahim YILGINER, <strong>Halil b. Ahmed&#8217;in Kitab\u00fc&#8217;l-Ayn&#8217;da Hadisle \u0130sti\u015fhad\u0131<\/strong>. Eski\u015fehir Osmangazi \u00dcniversitesi, 2021. <a href=\"https:\/\/drive.google.com\/file\/d\/17EN6SC4ysDWVuUFPAfGat8pkjGxGPJ0C\/view?usp=sharing\" data-type=\"link\" data-id=\"https:\/\/drive.google.com\/file\/d\/17EN6SC4ysDWVuUFPAfGat8pkjGxGPJ0C\/view?usp=sharing\" target=\"_blank\" rel=\"noopener\">\u0130ndirebilirsiniz<\/a><\/li>\n\n\n\n<li class=\"has-medium-font-size\">Hafize BALIK, &#8216;<strong>El \u00d6pme&#8217; \u0130le \u0130lgili Rivayetlerin Tespit, Tahric ve De\u011ferlendirmes<\/strong>i. Eski\u015fehir Osmangazi \u00dcniversitesi, 2022. <a href=\"https:\/\/drive.google.com\/file\/d\/1itPpYnOdHQYGeWCp3PLRzYVIWA60itoQ\/view?usp=sharing\" data-type=\"link\" data-id=\"https:\/\/drive.google.com\/file\/d\/1itPpYnOdHQYGeWCp3PLRzYVIWA60itoQ\/view?usp=sharing\" target=\"_blank\" rel=\"noopener\">\u0130ndirebilirsiniz<\/a><\/li>\n\n\n\n<li class=\"has-medium-font-size\">\u00dcmit Kaya, <strong>Tam \u0130lmih\u00e2l Se\u00e2det-i Ebediyye&#8217;nin hadis ilmi a\u00e7\u0131s\u0131ndan de\u011feri<\/strong>. Eski\u015fehir Osmangazi \u00dcniversitesi, 2022. <a href=\"https:\/\/drive.google.com\/file\/d\/10biKFQ_DTs1N9sXS5i8r41wN7sZ_rdhv\/view?usp=sharing\" data-type=\"link\" data-id=\"https:\/\/drive.google.com\/file\/d\/10biKFQ_DTs1N9sXS5i8r41wN7sZ_rdhv\/view?usp=sharing\" target=\"_blank\" rel=\"noopener\">\u0130ndirebilirsiniz<\/a><\/li>\n\n\n\n<li class=\"has-medium-font-size\">Servet HAYMA, <strong>Buh\u00e2r\u00ee&#8217;nin el-C\u00e2miu&#8217;s-Sah\u00eeh&#8217;inde ge\u00e7en m\u00fcbhem \u015fahsiyetlerin tespit ve de\u011ferlendirilmesi (Hac b\u00f6l\u00fcm\u00fc ile cihad b\u00f6l\u00fcm\u00fc aras\u0131nda yer alan hadisler)<\/strong>. Eski\u015fehir Osmangazi \u00dcniversitesi, 2022. <a href=\"https:\/\/drive.google.com\/file\/d\/1J42kDLAq3AJiQ0pTeIKT-fLeMZ1FV5xW\/view?usp=sharing\" data-type=\"link\" data-id=\"https:\/\/drive.google.com\/file\/d\/1J42kDLAq3AJiQ0pTeIKT-fLeMZ1FV5xW\/view?usp=sharing\" target=\"_blank\" rel=\"noopener\">\u0130ndirebilirsiniz<\/a><\/li>\n\n\n\n<li class=\"has-medium-font-size\">Mehmet Emin \u015eAH\u0130N,  <strong>Ahmed b. \u00d6mer el-Kurtub\u00ee&#8217;nin hayat\u0131, hadis\u00e7ili\u011fi ve el-M\u00fcfhim lim\u00e2 e\u015fkele min Telhisi Kitabi M\u00fcslim isimli eserin hadis ilmi a\u00e7\u0131s\u0131ndan de\u011ferlendirilmesi. <\/strong>Eski\u015fehir Osmangazi \u00dcniversitesi, 2023. <a href=\"https:\/\/drive.google.com\/file\/d\/1Xt5vqHE7epYkG4Oo309MR4T-T5MfC179\/view?usp=sharing\" data-type=\"link\" data-id=\"https:\/\/drive.google.com\/file\/d\/1Xt5vqHE7epYkG4Oo309MR4T-T5MfC179\/view?usp=sharing\" target=\"_blank\" rel=\"noopener\">\u0130ndirebilirsiniz<\/a><\/li>\n\n\n\n<li class=\"has-medium-font-size\">Younus YOUNUS, <strong>Muhammed Murtaza Ez-Zeb\u00eed\u00ee\u2019nin \u0130th\u00e2f\u00fc\u2019s-S\u00e2deti\u2019l- M\u00fcttak\u00een Bi \u015eerhi Esr\u00e2ri \u0130hy\u00e2\u2019i Ulumi\u2019d-D\u00een \u0130simli Eserinde Hadisi De\u011ferlendirme Y\u00f6ntemi<\/strong>. Eski\u015fehir Osmangazi \u00dcniversitesi, 2024. <a href=\"https:\/\/drive.google.com\/file\/d\/1e3mtViOWSipH5UDVdqWAv2rYlCoIw-s8\/view?usp=sharing\" data-type=\"link\" data-id=\"https:\/\/drive.google.com\/file\/d\/1iZzcpwpAXZgnGiQdMFR7f1MJ8yT04zpM\/view?usp=sharing\" target=\"_blank\" rel=\"noopener\">\u0130ndirebilirsiniz<\/a><\/li>\n\n\n\n<li class=\"has-medium-font-size\">Abd\u00fclmevcut KARABA\u015e, <strong>Musul&#8217;da hadis ilmi ve \u00d6mer b. Bedr el-Mevs\u0131l\u00ee el-Hanefi&#8217;nin hadis\u00e7ili\u011fi<\/strong>. Eski\u015fehir Osmangazi \u00dcniversitesi, 2023. <a href=\"https:\/\/drive.google.com\/file\/d\/1QrgNl_WxCckErEhlaLT-2DOqQZMF2b9j\/view?usp=sharing\" data-type=\"link\" data-id=\"https:\/\/drive.google.com\/file\/d\/1QrgNl_WxCckErEhlaLT-2DOqQZMF2b9j\/view?usp=sharing\" target=\"_blank\" rel=\"noopener\">\u0130ndirebilirsiniz<\/a><\/li>\n\n\n\n<li class=\"has-medium-font-size\">Merve ELMUSA, <strong>K\u00fct\u00fcb-i Sitte \u00c7er\u00e7evesinde F\u0131trat Hadislerinin Tespit, Tahric ve De\u011ferlendirmesi<\/strong>, Eski\u015fehir Osmangazi \u00dcniversitesi, 2024. <a href=\"https:\/\/drive.google.com\/file\/d\/1YIKxtxM41XReQDUsMKg31yNfuIIdJ4wK\/view?usp=sharing\" target=\"_blank\" rel=\"noopener\">\u0130ndirebilirsiniz<\/a><\/li>\n\n\n\n<li class=\"has-medium-font-size\">Halil ULUHATUN, <strong>\u0130bn\u00fc&#8217;t-Tall\u00e2 el-Kurtub\u00ee&#8217;nin Akziyet\u00fc Ras\u00fblill\u00e2h Eseri Ba\u011flam\u0131nda Hadis \u0130lmindeki Yeri,<\/strong> Eski\u015fehir Osmangazi \u00dcniversitesi, 2024. <a href=\"https:\/\/drive.google.com\/file\/d\/1SomYxOvGSywnKobdUsBpg9hOufpvxnzh\/view?usp=sharing\" target=\"_blank\" rel=\"noopener\">\u0130ndirebilirsiniz<\/a><\/li>\n\n\n\n<li class=\"has-medium-font-size\">Muhammed KARACA, &#8220;<strong>\u0130bn Batt\u00fbta&#8217;n\u0131n Seyahatn\u00e2me&#8217;sindeki Hadislerin Tahr\u00eec ve De\u011ferlendirmesi<\/strong>&#8220;, Eski\u015fehir Osmangazi \u00dcniversitesi, 2025. <a href=\"https:\/\/drive.google.com\/file\/d\/1YGKczllnCV40_p6cMrOtz8B4OpJZLD-q\/view?usp=sharing\" data-type=\"link\" data-id=\"https:\/\/drive.google.com\/file\/d\/1YGKczllnCV40_p6cMrOtz8B4OpJZLD-q\/view?usp=sharing\" target=\"_blank\" rel=\"noopener\">\u0130ndirebilirsiniz<\/a><\/li>\n\n\n\n<li>Bahri KAVAK, \u201c<strong>\u0130bn\u00fc\u2019l-Arabi\u2019nin el-Mehaccet\u00fc\u2019l-Beyda Adl\u0131 Eserinin Hadis Literat\u00fcr\u00fcndeki Yeri<\/strong>\u201c, Eski\u015fehir Osmangazi \u00dcniversitesi, 2026.<a href=\"https:\/\/drive.google.com\/file\/d\/1XFYtxRW24k2fIv1DJLKzlZJ73dFKyysD\/view?usp=sharing\" target=\"_blank\" rel=\"noopener\">\u0130ndirebilirsiniz<\/a><\/li>\n<\/ol>\n\n\n","protected":false},"excerpt":{"rendered":"<p>DOKTORA TEZ DANI\u015eMANLI\u011eI Fa\u0131sal AHMAD, D\u00e2rekutn\u00ee&#8217;nin el-\u0130lz\u00e2m\u00e2t ve&#8217;t-Tetebbu&#8217;unda Buh\u00e2r\u00ee ve M\u00fcslim&#8217;in \u015eartlar\u0131na G\u00f6re Tash\u00eeh Y\u00f6ntemi, Eski\u015fehir Osmangazi \u00dcniversitesi, 2024. \u0130ndirebilirsiniz Y\u00dcKSEK L\u0130SANS TEZ DANI\u015eMANLI\u011eI \u0130brahim YILGINER, Halil b. Ahmed&#8217;in Kitab\u00fc&#8217;l-Ayn&#8217;da Hadisle \u0130sti\u015fhad\u0131. Eski\u015fehir Osmangazi \u00dcniversitesi, 2021. \u0130ndirebilirsiniz Hafize BALIK, &#8216;El \u00d6pme&#8217; \u0130le \u0130lgili Rivayetlerin Tespit, Tahric ve De\u011ferlendirmesi. Eski\u015fehir Osmangazi \u00dcniversitesi, 2022. \u0130ndirebilirsiniz \u00dcmit Kaya, &hellip;<\/p>\n","protected":false},"author":1,"featured_media":0,"parent":0,"menu_order":0,"comment_status":"closed","ping_status":"closed","template":"","meta":{"footnotes":"[]"},"class_list":["post-1644","page","type-page","status-publish","hentry"],"_links":{"self":[{"href":"https:\/\/www.mustafaoztoprak.com\/index.php\/wp-json\/wp\/v2\/pages\/1644","targetHints":{"allow":["GET"]}}],"collection":[{"href":"https:\/\/www.mustafaoztoprak.com\/index.php\/wp-json\/wp\/v2\/pages"}],"about":[{"href":"https:\/\/www.mustafaoztoprak.com\/index.php\/wp-json\/wp\/v2\/types\/page"}],"author":[{"embeddable":true,"href":"https:\/\/www.mustafaoztoprak.com\/index.php\/wp-json\/wp\/v2\/users\/1"}],"replies":[{"embeddable":true,"href":"https:\/\/www.mustafaoztoprak.com\/index.php\/wp-json\/wp\/v2\/comments?post=1644"}],"version-history":[{"count":38,"href":"https:\/\/www.mustafaoztoprak.com\/index.php\/wp-json\/wp\/v2\/pages\/1644\/revisions"}],"predecessor-version":[{"id":1850,"href":"https:\/\/www.mustafaoztoprak.com\/index.php\/wp-json\/wp\/v2\/pages\/1644\/revisions\/1850"}],"wp:attachment":[{"href":"https:\/\/www.mustafaoztoprak.com\/index.php\/wp-json\/wp\/v2\/media?parent=1644"}],"curies":[{"name":"wp","href":"https:\/\/api.w.org\/{rel}","templated":true}]}}